{"id":37,"date":"2023-02-23T16:00:58","date_gmt":"2023-02-23T16:00:58","guid":{"rendered":"https:\/\/peschaud.froststudio.fr\/index.php\/projects\/"},"modified":"2023-04-25T18:54:34","modified_gmt":"2023-04-25T17:54:34","slug":"realisations","status":"publish","type":"page","link":"https:\/\/peschaud.froststudio.fr\/fr_fr\/realisations\/","title":{"rendered":"R\u00e9alisations"},"content":{"rendered":"\t\t<div data-elementor-type=\"wp-page\" data-elementor-id=\"37\" class=\"elementor elementor-37\">\n\t\t\t\t\t\t\t\t\t<section class=\"elementor-section elementor-top-section elementor-element elementor-element-3cb85573 elementor-section-full_width elementor-section-height-min-height elementor-section-height-default elementor-section-items-middle\" data-id=\"3cb85573\" data-element_type=\"section\" data-settings=\"{&quot;background_background&quot;:&quot;classic&quot;,&quot;background_motion_fx_motion_fx_scrolling&quot;:&quot;yes&quot;,&quot;background_motion_fx_scale_effect&quot;:&quot;yes&quot;,&quot;background_motion_fx_scale_speed&quot;:{&quot;unit&quot;:&quot;px&quot;,&quot;size&quot;:9,&quot;sizes&quot;:[]},&quot;background_motion_fx_scale_range&quot;:{&quot;unit&quot;:&quot;%&quot;,&quot;size&quot;:&quot;&quot;,&quot;sizes&quot;:{&quot;start&quot;:0,&quot;end&quot;:100}},&quot;background_motion_fx_scale_direction&quot;:&quot;out-in&quot;,&quot;background_motion_fx_devices&quot;:[&quot;desktop&quot;,&quot;tablet&quot;,&quot;mobile&quot;]}\">\n\t\t\t\t\t\t<div class=\"elementor-container elementor-column-gap-default\">\n\t\t\t\t\t<div class=\"elementor-column elementor-col-100 elementor-top-column elementor-element elementor-element-368d3689\" data-id=\"368d3689\" data-element_type=\"column\">\n\t\t\t<div class=\"elementor-widget-wrap elementor-element-populated\">\n\t\t\t\t\t\t\t\t<div class=\"elementor-element elementor-element-679aebcb elementor-widget elementor-widget-heading\" data-id=\"679aebcb\" data-element_type=\"widget\" data-widget_type=\"heading.default\">\n\t\t\t\t<div class=\"elementor-widget-container\">\n\t\t\t<style>\/*! elementor - v3.11.5 - 14-03-2023 *\/\n.elementor-heading-title{padding:0;margin:0;line-height:1}.elementor-widget-heading .elementor-heading-title[class*=elementor-size-]>a{color:inherit;font-size:inherit;line-height:inherit}.elementor-widget-heading .elementor-heading-title.elementor-size-small{font-size:15px}.elementor-widget-heading .elementor-heading-title.elementor-size-medium{font-size:19px}.elementor-widget-heading .elementor-heading-title.elementor-size-large{font-size:29px}.elementor-widget-heading .elementor-heading-title.elementor-size-xl{font-size:39px}.elementor-widget-heading .elementor-heading-title.elementor-size-xxl{font-size:59px}<\/style><h1 class=\"elementor-heading-title elementor-size-default\">Nos r\u00e9alisations<\/h1>\t\t<\/div>\n\t\t\t\t<\/div>\n\t\t\t\t\t<\/div>\n\t\t<\/div>\n\t\t\t\t\t\t\t<\/div>\n\t\t<\/section>\n\t\t\t\t<section class=\"elementor-section elementor-top-section elementor-element elementor-element-ae288d5 elementor-section-height-min-height elementor-section-boxed elementor-section-height-default elementor-section-items-middle\" data-id=\"ae288d5\" data-element_type=\"section\" id=\"projects\">\n\t\t\t\t\t\t<div class=\"elementor-container elementor-column-gap-default\">\n\t\t\t\t\t<div class=\"elementor-column elementor-col-100 elementor-top-column elementor-element elementor-element-29722613\" data-id=\"29722613\" data-element_type=\"column\">\n\t\t\t<div class=\"elementor-widget-wrap elementor-element-populated\">\n\t\t\t\t\t\t\t\t<div class=\"elementor-element elementor-element-2bec1deb elementor-view-default elementor-widget elementor-widget-icon\" data-id=\"2bec1deb\" data-element_type=\"widget\" data-widget_type=\"icon.default\">\n\t\t\t\t<div class=\"elementor-widget-container\">\n\t\t\t\t\t<div class=\"elementor-icon-wrapper\">\n\t\t\t<div class=\"elementor-icon\">\n\t\t\t<svg xmlns=\"http:\/\/www.w3.org\/2000\/svg\" xmlns:xlink=\"http:\/\/www.w3.org\/1999\/xlink\" width=\"43px\" height=\"93px\" viewBox=\"0 0 43 93\"><title>Combined Shape<\/title><desc>Created with Sketch.<\/desc><defs><linearGradient x1=\"53.7525337%\" y1=\"0%\" x2=\"50%\" y2=\"100%\" id=\"linearGradient-1\"><stop stop-color=\"#B7B7B7\" offset=\"0%\"><\/stop><stop stop-color=\"#FFFFFF\" offset=\"100%\"><\/stop><\/linearGradient><\/defs><g id=\"Website-Chosen-Pages\" stroke=\"none\" stroke-width=\"1\" fill=\"none\" fill-rule=\"evenodd\"><g id=\"Home-Page-\" transform=\"translate(-929.000000, -2726.000000)\" stroke=\"url(#linearGradient-1)\" stroke-width=\"2\"><g transform=\"translate(561.000000, 2726.000000)\"><path d=\"M389.5,0 L389.5,93 M369.5,57.3081081 L369.5,93 M399.5,31.6702703 L399.5,93 M409.5,57.3081081 L409.5,93 M379.5,21.6162162 L379.5,93\" id=\"Combined-Shape\"><\/path><\/g><\/g><\/g><\/svg>\t\t\t<\/div>\n\t\t<\/div>\n\t\t\t\t<\/div>\n\t\t\t\t<\/div>\n\t\t\t\t<div class=\"elementor-element elementor-element-163701c9 elementor-widget elementor-widget-heading\" data-id=\"163701c9\" data-element_type=\"widget\" data-widget_type=\"heading.default\">\n\t\t\t\t<div class=\"elementor-widget-container\">\n\t\t\t<h2 class=\"elementor-heading-title elementor-size-default\">D\u00e9couvrez nos derniers <br>projets r\u00e9alis\u00e9s<\/h2>\t\t<\/div>\n\t\t\t\t<\/div>\n\t\t\t\t<div class=\"elementor-element elementor-element-7e013e7c elementor-widget elementor-widget-text-editor\" data-id=\"7e013e7c\" data-element_type=\"widget\" data-widget_type=\"text-editor.default\">\n\t\t\t\t<div class=\"elementor-widget-container\">\n\t\t\t<style>\/*! elementor - v3.11.5 - 14-03-2023 *\/\n.elementor-widget-text-editor.elementor-drop-cap-view-stacked .elementor-drop-cap{background-color:#818a91;color:#fff}.elementor-widget-text-editor.elementor-drop-cap-view-framed .elementor-drop-cap{color:#818a91;border:3px solid;background-color:transparent}.elementor-widget-text-editor:not(.elementor-drop-cap-view-default) .elementor-drop-cap{margin-top:8px}.elementor-widget-text-editor:not(.elementor-drop-cap-view-default) .elementor-drop-cap-letter{width:1em;height:1em}.elementor-widget-text-editor .elementor-drop-cap{float:left;text-align:center;line-height:1;font-size:50px}.elementor-widget-text-editor .elementor-drop-cap-letter{display:inline-block}<\/style>\t\t\t\t<p>Peschaud acteur majeur de la logistique terrestre en Afrique dans les zones les plus isol\u00e9es du continent, propose des projets cl\u00e9s en main \u00e0 ses clients, et les accompagne ainsi tout au long de leur projet.<\/p><p>Cela commence par le support aux \u00e9tudes de faisabilit\u00e9 des projets (bathym\u00e9trie, road survey, design 3D, etc.), de proposer les meilleures solutions op\u00e9rationnelles et financi\u00e8res pour nos clients, la conception de la solution, la mobilisation des ressources humaines et mat\u00e9riels, la globalit\u00e9 de la chaine logistique pour la mise en place du projet.<\/p><p>Egalement, la mise en exploitation sur sites incluant la formation de nos employ\u00e9s, le suivi de nos indicateurs de performance, le reporting des activit\u00e9s, la d\u00e9mobilisation et pour finir les retours d\u2019exp\u00e9rience en fin de projet.<\/p>\t\t\t\t\t\t<\/div>\n\t\t\t\t<\/div>\n\t\t\t\t\t<\/div>\n\t\t<\/div>\n\t\t\t\t\t\t\t<\/div>\n\t\t<\/section>\n\t\t\t\t<section class=\"elementor-section elementor-top-section elementor-element elementor-element-06a7b60 elementor-section-full_width elementor-section-height-default elementor-section-height-default\" data-id=\"06a7b60\" data-element_type=\"section\">\n\t\t\t\t\t\t<div class=\"elementor-container elementor-column-gap-default\">\n\t\t\t\t\t<div class=\"elementor-column elementor-col-100 elementor-top-column elementor-element elementor-element-1d3bfaf\" data-id=\"1d3bfaf\" data-element_type=\"column\">\n\t\t\t<div class=\"elementor-widget-wrap elementor-element-populated\">\n\t\t\t\t\t\t\t\t<div class=\"elementor-element elementor-element-e4215b3 elementor-grid-1 elementor-grid-tablet-2 elementor-grid-mobile-1 elementor-widget elementor-widget-portfolio\" data-id=\"e4215b3\" data-element_type=\"widget\" data-settings=\"{&quot;columns&quot;:&quot;1&quot;,&quot;item_ratio&quot;:{&quot;unit&quot;:&quot;px&quot;,&quot;size&quot;:0.25,&quot;sizes&quot;:[]},&quot;row_gap&quot;:{&quot;unit&quot;:&quot;px&quot;,&quot;size&quot;:0,&quot;sizes&quot;:[]},&quot;columns_tablet&quot;:&quot;2&quot;,&quot;columns_mobile&quot;:&quot;1&quot;,&quot;item_gap&quot;:{&quot;unit&quot;:&quot;px&quot;,&quot;size&quot;:&quot;&quot;,&quot;sizes&quot;:[]}}\" data-widget_type=\"portfolio.default\">\n\t\t\t\t<div class=\"elementor-widget-container\">\n\t\t\t<link rel=\"stylesheet\" href=\"https:\/\/peschaud.froststudio.fr\/wp-content\/plugins\/elementor-pro\/assets\/css\/widget-posts.min.css\">\t\t<ul class=\"elementor-portfolio__filters\">\n\t\t\t<li class=\"elementor-portfolio__filter elementor-active\" data-filter=\"__all\">Tout<\/li>\n\t\t\t\t\t\t\t<li class=\"elementor-portfolio__filter\" data-filter=\"9\">Offshore<\/li>\n\t\t\t\t\t\t\t<li class=\"elementor-portfolio__filter\" data-filter=\"8\">Onshore<\/li>\n\t\t\t\t\t\t\t<li class=\"elementor-portfolio__filter\" data-filter=\"10\">Travaux Sp\u00e9ciaux<\/li>\n\t\t\t\t\t<\/ul>\n\t\t\t\t<div class=\"elementor-portfolio elementor-grid elementor-posts-container\">\n\t\t\t\t<article class=\"elementor-portfolio-item elementor-post elementor-filter-9 post-491 post type-post status-publish format-standard has-post-thumbnail hentry category-offshore\">\n\t\t\t<a class=\"elementor-post__thumbnail__link\" href=\"https:\/\/peschaud.froststudio.fr\/fr_fr\/lct-landing-craft-vessels-operant-entre-mozambique-et-cameroun\/\">\n\t\t\t\t<div class=\"elementor-portfolio-item__img elementor-post__thumbnail\">\n\t\t\t<img decoding=\"async\" width=\"800\" height=\"450\" src=\"https:\/\/peschaud.froststudio.fr\/wp-content\/uploads\/2023\/04\/DJI_0054-1024x576.jpg\" class=\"attachment-large size-large wp-image-493\" alt=\"\" loading=\"lazy\" srcset=\"https:\/\/peschaud.froststudio.fr\/wp-content\/uploads\/2023\/04\/DJI_0054-1024x576.jpg 1024w, https:\/\/peschaud.froststudio.fr\/wp-content\/uploads\/2023\/04\/DJI_0054-300x169.jpg 300w, https:\/\/peschaud.froststudio.fr\/wp-content\/uploads\/2023\/04\/DJI_0054-768x432.jpg 768w, https:\/\/peschaud.froststudio.fr\/wp-content\/uploads\/2023\/04\/DJI_0054-1536x864.jpg 1536w, https:\/\/peschaud.froststudio.fr\/wp-content\/uploads\/2023\/04\/DJI_0054-2048x1152.jpg 2048w\" sizes=\"(max-width: 800px) 100vw, 800px\" \/>\t\t<\/div>\n\t\t\t\t<div class=\"elementor-portfolio-item__overlay\">\n\t\t\t\t<h3 class=\"elementor-portfolio-item__title\">\n\t\tLCT (landing craft vessels) op\u00e9rant entre Mozambique et Cameroun\t\t<\/h3>\n\t\t\t\t<\/div>\n\t\t\t\t<\/a>\n\t\t<\/article>\n\t\t\t\t<article class=\"elementor-portfolio-item elementor-post elementor-filter-9 post-500 post type-post status-publish format-standard has-post-thumbnail hentry category-offshore\">\n\t\t\t<a class=\"elementor-post__thumbnail__link\" href=\"https:\/\/peschaud.froststudio.fr\/fr_fr\/projet-maria-galanta-gabon\/\">\n\t\t\t\t<div class=\"elementor-portfolio-item__img elementor-post__thumbnail\">\n\t\t\t<img decoding=\"async\" width=\"800\" height=\"450\" src=\"https:\/\/peschaud.froststudio.fr\/wp-content\/uploads\/2023\/04\/DJI_0669-1024x576.jpg\" class=\"attachment-large size-large wp-image-506\" alt=\"\" loading=\"lazy\" srcset=\"https:\/\/peschaud.froststudio.fr\/wp-content\/uploads\/2023\/04\/DJI_0669-1024x576.jpg 1024w, https:\/\/peschaud.froststudio.fr\/wp-content\/uploads\/2023\/04\/DJI_0669-300x169.jpg 300w, https:\/\/peschaud.froststudio.fr\/wp-content\/uploads\/2023\/04\/DJI_0669-768x432.jpg 768w, https:\/\/peschaud.froststudio.fr\/wp-content\/uploads\/2023\/04\/DJI_0669-1536x864.jpg 1536w, https:\/\/peschaud.froststudio.fr\/wp-content\/uploads\/2023\/04\/DJI_0669.jpg 2048w\" sizes=\"(max-width: 800px) 100vw, 800px\" \/>\t\t<\/div>\n\t\t\t\t<div class=\"elementor-portfolio-item__overlay\">\n\t\t\t\t<h3 class=\"elementor-portfolio-item__title\">\n\t\tProjet Maria Galanta (Gabon)\t\t<\/h3>\n\t\t\t\t<\/div>\n\t\t\t\t<\/a>\n\t\t<\/article>\n\t\t\t\t<article class=\"elementor-portfolio-item elementor-post elementor-filter-8 post-112 post type-post status-publish format-standard has-post-thumbnail hentry category-onshore\">\n\t\t\t<a class=\"elementor-post__thumbnail__link\" href=\"https:\/\/peschaud.froststudio.fr\/fr_fr\/ternal-headquarters-birmingham\/\">\n\t\t\t\t<div class=\"elementor-portfolio-item__img elementor-post__thumbnail\">\n\t\t\t<img decoding=\"async\" width=\"800\" height=\"600\" src=\"https:\/\/peschaud.froststudio.fr\/wp-content\/uploads\/2023\/04\/DJI_0015-1024x768.jpg\" class=\"attachment-large size-large wp-image-401\" alt=\"\" loading=\"lazy\" srcset=\"https:\/\/peschaud.froststudio.fr\/wp-content\/uploads\/2023\/04\/DJI_0015-1024x768.jpg 1024w, https:\/\/peschaud.froststudio.fr\/wp-content\/uploads\/2023\/04\/DJI_0015-300x225.jpg 300w, https:\/\/peschaud.froststudio.fr\/wp-content\/uploads\/2023\/04\/DJI_0015-768x576.jpg 768w, https:\/\/peschaud.froststudio.fr\/wp-content\/uploads\/2023\/04\/DJI_0015-1536x1152.jpg 1536w, https:\/\/peschaud.froststudio.fr\/wp-content\/uploads\/2023\/04\/DJI_0015-2048x1536.jpg 2048w\" sizes=\"(max-width: 800px) 100vw, 800px\" \/>\t\t<\/div>\n\t\t\t\t<div class=\"elementor-portfolio-item__overlay\">\n\t\t\t\t<h3 class=\"elementor-portfolio-item__title\">\n\t\tGabon : Projet Kari\t\t<\/h3>\n\t\t\t\t<\/div>\n\t\t\t\t<\/a>\n\t\t<\/article>\n\t\t\t\t<article class=\"elementor-portfolio-item elementor-post elementor-filter-9 post-458 post type-post status-publish format-standard has-post-thumbnail hentry category-offshore\">\n\t\t\t<a class=\"elementor-post__thumbnail__link\" href=\"https:\/\/peschaud.froststudio.fr\/fr_fr\/les-rochambelles-construction-des-navires-cb19\/\">\n\t\t\t\t<div class=\"elementor-portfolio-item__img elementor-post__thumbnail\">\n\t\t\t<img decoding=\"async\" width=\"800\" height=\"450\" src=\"https:\/\/peschaud.froststudio.fr\/wp-content\/uploads\/2023\/04\/bateau-22-1024x576.png\" class=\"attachment-large size-large wp-image-461\" alt=\"\" loading=\"lazy\" srcset=\"https:\/\/peschaud.froststudio.fr\/wp-content\/uploads\/2023\/04\/bateau-22-1024x576.png 1024w, https:\/\/peschaud.froststudio.fr\/wp-content\/uploads\/2023\/04\/bateau-22-300x169.png 300w, https:\/\/peschaud.froststudio.fr\/wp-content\/uploads\/2023\/04\/bateau-22-768x432.png 768w, https:\/\/peschaud.froststudio.fr\/wp-content\/uploads\/2023\/04\/bateau-22-1536x864.png 1536w, https:\/\/peschaud.froststudio.fr\/wp-content\/uploads\/2023\/04\/bateau-22.png 1920w\" sizes=\"(max-width: 800px) 100vw, 800px\" \/>\t\t<\/div>\n\t\t\t\t<div class=\"elementor-portfolio-item__overlay\">\n\t\t\t\t<h3 class=\"elementor-portfolio-item__title\">\n\t\tLes Rochambelles &#8211; Construction des navires CB19\t\t<\/h3>\n\t\t\t\t<\/div>\n\t\t\t\t<\/a>\n\t\t<\/article>\n\t\t\t\t<article class=\"elementor-portfolio-item elementor-post elementor-filter-10 post-531 post type-post status-publish format-standard has-post-thumbnail hentry category-travaux-speciaux\">\n\t\t\t<a class=\"elementor-post__thumbnail__link\" href=\"https:\/\/peschaud.froststudio.fr\/fr_fr\/rehabilitation-du-pont-dhouphouet-boigny-a-abidjan-cote-divoire\/\">\n\t\t\t\t<div class=\"elementor-portfolio-item__img elementor-post__thumbnail\">\n\t\t\t<img decoding=\"async\" width=\"800\" height=\"450\" src=\"https:\/\/peschaud.froststudio.fr\/wp-content\/uploads\/2023\/04\/DJI_0205-1024x576.jpg\" class=\"attachment-large size-large wp-image-537\" alt=\"\" loading=\"lazy\" srcset=\"https:\/\/peschaud.froststudio.fr\/wp-content\/uploads\/2023\/04\/DJI_0205-1024x576.jpg 1024w, https:\/\/peschaud.froststudio.fr\/wp-content\/uploads\/2023\/04\/DJI_0205-300x169.jpg 300w, https:\/\/peschaud.froststudio.fr\/wp-content\/uploads\/2023\/04\/DJI_0205-768x432.jpg 768w, https:\/\/peschaud.froststudio.fr\/wp-content\/uploads\/2023\/04\/DJI_0205-1536x864.jpg 1536w, https:\/\/peschaud.froststudio.fr\/wp-content\/uploads\/2023\/04\/DJI_0205-2048x1152.jpg 2048w\" sizes=\"(max-width: 800px) 100vw, 800px\" \/>\t\t<\/div>\n\t\t\t\t<div class=\"elementor-portfolio-item__overlay\">\n\t\t\t\t<h3 class=\"elementor-portfolio-item__title\">\n\t\tR\u00e9habilitation du pont d\u2019Houphou\u00ebt Boigny \u00e0 Abidjan (Cote d\u2019Ivoire)\t\t<\/h3>\n\t\t\t\t<\/div>\n\t\t\t\t<\/a>\n\t\t<\/article>\n\t\t\t\t<article class=\"elementor-portfolio-item elementor-post elementor-filter-8 post-421 post type-post status-publish format-standard has-post-thumbnail hentry category-onshore\">\n\t\t\t<a class=\"elementor-post__thumbnail__link\" href=\"https:\/\/peschaud.froststudio.fr\/fr_fr\/tchad-projet-esso\/\">\n\t\t\t\t<div class=\"elementor-portfolio-item__img elementor-post__thumbnail\">\n\t\t\t<img decoding=\"async\" width=\"800\" height=\"450\" src=\"https:\/\/peschaud.froststudio.fr\/wp-content\/uploads\/2023\/04\/1-1024x576.jpg\" class=\"attachment-large size-large wp-image-423\" alt=\"\" loading=\"lazy\" srcset=\"https:\/\/peschaud.froststudio.fr\/wp-content\/uploads\/2023\/04\/1-1024x576.jpg 1024w, https:\/\/peschaud.froststudio.fr\/wp-content\/uploads\/2023\/04\/1-300x169.jpg 300w, https:\/\/peschaud.froststudio.fr\/wp-content\/uploads\/2023\/04\/1-768x432.jpg 768w, https:\/\/peschaud.froststudio.fr\/wp-content\/uploads\/2023\/04\/1-1536x864.jpg 1536w, https:\/\/peschaud.froststudio.fr\/wp-content\/uploads\/2023\/04\/1.jpg 1920w\" sizes=\"(max-width: 800px) 100vw, 800px\" \/>\t\t<\/div>\n\t\t\t\t<div class=\"elementor-portfolio-item__overlay\">\n\t\t\t\t<h3 class=\"elementor-portfolio-item__title\">\n\t\tTchad : Projet Esso\t\t<\/h3>\n\t\t\t\t<\/div>\n\t\t\t\t<\/a>\n\t\t<\/article>\n\t\t\t\t<article class=\"elementor-portfolio-item elementor-post elementor-filter-8 post-439 post type-post status-publish format-standard has-post-thumbnail hentry category-onshore\">\n\t\t\t<a class=\"elementor-post__thumbnail__link\" href=\"https:\/\/peschaud.froststudio.fr\/fr_fr\/soudan-du-sud-pour-petronas\/\">\n\t\t\t\t<div class=\"elementor-portfolio-item__img elementor-post__thumbnail\">\n\t\t\t<img decoding=\"async\" width=\"800\" height=\"305\" src=\"https:\/\/peschaud.froststudio.fr\/wp-content\/uploads\/2023\/04\/Peschaud-Logistics-Engineering-Services-2022-1024x390.jpg\" class=\"attachment-large size-large wp-image-441\" alt=\"\" loading=\"lazy\" srcset=\"https:\/\/peschaud.froststudio.fr\/wp-content\/uploads\/2023\/04\/Peschaud-Logistics-Engineering-Services-2022-1024x390.jpg 1024w, https:\/\/peschaud.froststudio.fr\/wp-content\/uploads\/2023\/04\/Peschaud-Logistics-Engineering-Services-2022-300x114.jpg 300w, https:\/\/peschaud.froststudio.fr\/wp-content\/uploads\/2023\/04\/Peschaud-Logistics-Engineering-Services-2022-768x292.jpg 768w, https:\/\/peschaud.froststudio.fr\/wp-content\/uploads\/2023\/04\/Peschaud-Logistics-Engineering-Services-2022.bmp 1488w\" sizes=\"(max-width: 800px) 100vw, 800px\" \/>\t\t<\/div>\n\t\t\t\t<div class=\"elementor-portfolio-item__overlay\">\n\t\t\t\t<h3 class=\"elementor-portfolio-item__title\">\n\t\tSoudan du Sud \u2013 WNPOC &#8211; Bloc 5B\t\t<\/h3>\n\t\t\t\t<\/div>\n\t\t\t\t<\/a>\n\t\t<\/article>\n\t\t\t\t<article class=\"elementor-portfolio-item elementor-post elementor-filter-10 post-519 post type-post status-publish format-standard has-post-thumbnail hentry category-travaux-speciaux\">\n\t\t\t<a class=\"elementor-post__thumbnail__link\" href=\"https:\/\/peschaud.froststudio.fr\/fr_fr\/etude-et-conception-de-barges-eiffage-cote-divoire\/\">\n\t\t\t\t<div class=\"elementor-portfolio-item__img elementor-post__thumbnail\">\n\t\t\t<img decoding=\"async\" width=\"800\" height=\"450\" src=\"https:\/\/peschaud.froststudio.fr\/wp-content\/uploads\/2023\/04\/Image1-1024x576.jpg\" class=\"attachment-large size-large wp-image-521\" alt=\"\" loading=\"lazy\" srcset=\"https:\/\/peschaud.froststudio.fr\/wp-content\/uploads\/2023\/04\/Image1-1024x576.jpg 1024w, https:\/\/peschaud.froststudio.fr\/wp-content\/uploads\/2023\/04\/Image1-300x169.jpg 300w, https:\/\/peschaud.froststudio.fr\/wp-content\/uploads\/2023\/04\/Image1-768x432.jpg 768w, https:\/\/peschaud.froststudio.fr\/wp-content\/uploads\/2023\/04\/Image1.jpg 1386w\" sizes=\"(max-width: 800px) 100vw, 800px\" \/>\t\t<\/div>\n\t\t\t\t<div class=\"elementor-portfolio-item__overlay\">\n\t\t\t\t<h3 class=\"elementor-portfolio-item__title\">\n\t\tEtude et Conception de Barges &#8211; Eiffage (C\u00f4te d&rsquo;Ivoire)\t\t<\/h3>\n\t\t\t\t<\/div>\n\t\t\t\t<\/a>\n\t\t<\/article>\n\t\t\t\t<article class=\"elementor-portfolio-item elementor-post elementor-filter-9 post-474 post type-post status-publish format-standard has-post-thumbnail hentry category-offshore\">\n\t\t\t<a class=\"elementor-post__thumbnail__link\" href=\"https:\/\/peschaud.froststudio.fr\/fr_fr\/projet-bp-gta-pour-eiffage-senegal\/\">\n\t\t\t\t<div class=\"elementor-portfolio-item__img elementor-post__thumbnail\">\n\t\t\t<img decoding=\"async\" width=\"800\" height=\"534\" src=\"https:\/\/peschaud.froststudio.fr\/wp-content\/uploads\/2023\/04\/Senegal-BP-Tortue.jpg\" class=\"attachment-large size-large wp-image-478\" alt=\"\" loading=\"lazy\" srcset=\"https:\/\/peschaud.froststudio.fr\/wp-content\/uploads\/2023\/04\/Senegal-BP-Tortue.jpg 1024w, https:\/\/peschaud.froststudio.fr\/wp-content\/uploads\/2023\/04\/Senegal-BP-Tortue-300x200.jpg 300w, https:\/\/peschaud.froststudio.fr\/wp-content\/uploads\/2023\/04\/Senegal-BP-Tortue-768x512.jpg 768w\" sizes=\"(max-width: 800px) 100vw, 800px\" \/>\t\t<\/div>\n\t\t\t\t<div class=\"elementor-portfolio-item__overlay\">\n\t\t\t\t<h3 class=\"elementor-portfolio-item__title\">\n\t\tProjet BP GTA &#8211; Pour Eiffage (S\u00e9n\u00e9gal)\t\t<\/h3>\n\t\t\t\t<\/div>\n\t\t\t\t<\/a>\n\t\t<\/article>\n\t\t\t\t<article class=\"elementor-portfolio-item elementor-post elementor-filter-8 post-447 post type-post status-publish format-standard has-post-thumbnail hentry category-onshore\">\n\t\t\t<a class=\"elementor-post__thumbnail__link\" href=\"https:\/\/peschaud.froststudio.fr\/fr_fr\/mozambique-adelie-terminal-portuaire-mobile\/\">\n\t\t\t\t<div class=\"elementor-portfolio-item__img elementor-post__thumbnail\">\n\t\t\t<img decoding=\"async\" width=\"800\" height=\"534\" src=\"https:\/\/peschaud.froststudio.fr\/wp-content\/uploads\/2023\/04\/Barge-681A0456-1024x683.jpg\" class=\"attachment-large size-large wp-image-452\" alt=\"\" loading=\"lazy\" srcset=\"https:\/\/peschaud.froststudio.fr\/wp-content\/uploads\/2023\/04\/Barge-681A0456-1024x683.jpg 1024w, https:\/\/peschaud.froststudio.fr\/wp-content\/uploads\/2023\/04\/Barge-681A0456-300x200.jpg 300w, https:\/\/peschaud.froststudio.fr\/wp-content\/uploads\/2023\/04\/Barge-681A0456-768x512.jpg 768w, https:\/\/peschaud.froststudio.fr\/wp-content\/uploads\/2023\/04\/Barge-681A0456-1536x1024.jpg 1536w, https:\/\/peschaud.froststudio.fr\/wp-content\/uploads\/2023\/04\/Barge-681A0456-2048x1366.jpg 2048w\" sizes=\"(max-width: 800px) 100vw, 800px\" \/>\t\t<\/div>\n\t\t\t\t<div class=\"elementor-portfolio-item__overlay\">\n\t\t\t\t<h3 class=\"elementor-portfolio-item__title\">\n\t\tMozambique\u00a0: Ad\u00e9lie (Terminal Portuaire Mobile)\t\t<\/h3>\n\t\t\t\t<\/div>\n\t\t\t\t<\/a>\n\t\t<\/article>\n\t\t\t\t<\/div>\n\t\t\t\t<\/div>\n\t\t\t\t<\/div>\n\t\t\t\t\t<\/div>\n\t\t<\/div>\n\t\t\t\t\t\t\t<\/div>\n\t\t<\/section>\n\t\t\t\t\t\t\t<\/div>\n\t\t","protected":false},"excerpt":{"rendered":"<p>Nos r\u00e9alisations Combined ShapeCreated with Sketch. D\u00e9couvrez nos derniers projets r\u00e9alis\u00e9s Peschaud acteur majeur de la logistique terrestre en Afrique dans les zones les plus isol\u00e9es du continent, propose des projets cl\u00e9s en main \u00e0 ses clients, et les accompagne ainsi tout au long de leur projet. Cela commence par le support aux \u00e9tudes de [&hellip;]<\/p>\n","protected":false},"author":1,"featured_media":0,"parent":0,"menu_order":0,"comment_status":"closed","ping_status":"closed","template":"","meta":[],"_links":{"self":[{"href":"https:\/\/peschaud.froststudio.fr\/fr_fr\/wp-json\/wp\/v2\/pages\/37"}],"collection":[{"href":"https:\/\/peschaud.froststudio.fr\/fr_fr\/wp-json\/wp\/v2\/pages"}],"about":[{"href":"https:\/\/peschaud.froststudio.fr\/fr_fr\/wp-json\/wp\/v2\/types\/page"}],"author":[{"embeddable":true,"href":"https:\/\/peschaud.froststudio.fr\/fr_fr\/wp-json\/wp\/v2\/users\/1"}],"replies":[{"embeddable":true,"href":"https:\/\/peschaud.froststudio.fr\/fr_fr\/wp-json\/wp\/v2\/comments?post=37"}],"version-history":[{"count":40,"href":"https:\/\/peschaud.froststudio.fr\/fr_fr\/wp-json\/wp\/v2\/pages\/37\/revisions"}],"predecessor-version":[{"id":622,"href":"https:\/\/peschaud.froststudio.fr\/fr_fr\/wp-json\/wp\/v2\/pages\/37\/revisions\/622"}],"wp:attachment":[{"href":"https:\/\/peschaud.froststudio.fr\/fr_fr\/wp-json\/wp\/v2\/media?parent=37"}],"curies":[{"name":"wp","href":"https:\/\/api.w.org\/{rel}","templated":true}]}}