{"id":2,"date":"2023-02-23T15:54:38","date_gmt":"2023-02-23T15:54:38","guid":{"rendered":"https:\/\/peschaud.froststudio.fr\/?page_id=2"},"modified":"2023-07-02T20:05:49","modified_gmt":"2023-07-02T19:05:49","slug":"actualites","status":"publish","type":"page","link":"https:\/\/peschaud.froststudio.fr\/fr_fr\/actualites\/","title":{"rendered":"Actualit\u00e9s"},"content":{"rendered":"\t\t<div data-elementor-type=\"wp-page\" data-elementor-id=\"2\" class=\"elementor elementor-2\">\n\t\t\t\t\t\t\t\t\t<section class=\"elementor-section elementor-top-section elementor-element elementor-element-53537dda elementor-section-full_width elementor-section-height-min-height elementor-section-content-middle elementor-section-height-default elementor-section-items-middle\" data-id=\"53537dda\" data-element_type=\"section\" data-settings=\"{&quot;background_background&quot;:&quot;classic&quot;,&quot;background_motion_fx_motion_fx_scrolling&quot;:&quot;yes&quot;,&quot;background_motion_fx_scale_effect&quot;:&quot;yes&quot;,&quot;background_motion_fx_scale_speed&quot;:{&quot;unit&quot;:&quot;px&quot;,&quot;size&quot;:&quot;1&quot;,&quot;sizes&quot;:[]},&quot;background_motion_fx_scale_direction&quot;:&quot;out-in&quot;,&quot;background_motion_fx_scale_range&quot;:{&quot;unit&quot;:&quot;%&quot;,&quot;size&quot;:&quot;&quot;,&quot;sizes&quot;:{&quot;start&quot;:20,&quot;end&quot;:80}},&quot;background_motion_fx_devices&quot;:[&quot;desktop&quot;,&quot;tablet&quot;,&quot;mobile&quot;]}\">\n\t\t\t\t\t\t<div class=\"elementor-container elementor-column-gap-no\">\n\t\t\t\t\t<div class=\"elementor-column elementor-col-100 elementor-top-column elementor-element elementor-element-70423b5b\" data-id=\"70423b5b\" data-element_type=\"column\">\n\t\t\t<div class=\"elementor-widget-wrap elementor-element-populated\">\n\t\t\t\t\t\t\t\t<div class=\"elementor-element elementor-element-56e16c95 elementor-widget elementor-widget-heading\" data-id=\"56e16c95\" data-element_type=\"widget\" data-widget_type=\"heading.default\">\n\t\t\t\t<div class=\"elementor-widget-container\">\n\t\t\t<style>\/*! elementor - v3.11.5 - 14-03-2023 *\/\n.elementor-heading-title{padding:0;margin:0;line-height:1}.elementor-widget-heading .elementor-heading-title[class*=elementor-size-]>a{color:inherit;font-size:inherit;line-height:inherit}.elementor-widget-heading .elementor-heading-title.elementor-size-small{font-size:15px}.elementor-widget-heading .elementor-heading-title.elementor-size-medium{font-size:19px}.elementor-widget-heading .elementor-heading-title.elementor-size-large{font-size:29px}.elementor-widget-heading .elementor-heading-title.elementor-size-xl{font-size:39px}.elementor-widget-heading .elementor-heading-title.elementor-size-xxl{font-size:59px}<\/style><h1 class=\"elementor-heading-title elementor-size-default\">Les actualit\u00e9s de Peschaud International<\/h1>\t\t<\/div>\n\t\t\t\t<\/div>\n\t\t\t\t\t<\/div>\n\t\t<\/div>\n\t\t\t\t\t\t\t<\/div>\n\t\t<\/section>\n\t\t\t\t<section class=\"elementor-section elementor-top-section elementor-element elementor-element-605e2bfe elementor-section-height-min-height elementor-section-boxed elementor-section-height-default elementor-section-items-middle\" data-id=\"605e2bfe\" data-element_type=\"section\">\n\t\t\t\t\t\t<div class=\"elementor-container elementor-column-gap-default\">\n\t\t\t\t\t<div class=\"elementor-column elementor-col-100 elementor-top-column elementor-element elementor-element-36889c36\" data-id=\"36889c36\" data-element_type=\"column\">\n\t\t\t<div class=\"elementor-widget-wrap elementor-element-populated\">\n\t\t\t\t\t\t\t\t<div class=\"elementor-element elementor-element-26da4f4d elementor-grid-3 elementor-grid-tablet-2 elementor-grid-mobile-1 elementor-posts--thumbnail-top elementor-widget elementor-widget-posts\" data-id=\"26da4f4d\" data-element_type=\"widget\" data-settings=\"{&quot;classic_row_gap&quot;:{&quot;unit&quot;:&quot;px&quot;,&quot;size&quot;:&quot;70&quot;,&quot;sizes&quot;:[]},&quot;pagination_type&quot;:&quot;prev_next&quot;,&quot;classic_columns&quot;:&quot;3&quot;,&quot;classic_columns_tablet&quot;:&quot;2&quot;,&quot;classic_columns_mobile&quot;:&quot;1&quot;,&quot;classic_row_gap_tablet&quot;:{&quot;unit&quot;:&quot;px&quot;,&quot;size&quot;:&quot;&quot;,&quot;sizes&quot;:[]},&quot;classic_row_gap_mobile&quot;:{&quot;unit&quot;:&quot;px&quot;,&quot;size&quot;:&quot;&quot;,&quot;sizes&quot;:[]}}\" data-widget_type=\"posts.classic\">\n\t\t\t\t<div class=\"elementor-widget-container\">\n\t\t\t<link rel=\"stylesheet\" href=\"https:\/\/peschaud.froststudio.fr\/wp-content\/plugins\/elementor-pro\/assets\/css\/widget-posts.min.css\">\t\t<div class=\"elementor-posts-container elementor-posts elementor-posts--skin-classic elementor-grid\">\n\t\t\t\t<article class=\"elementor-post elementor-grid-item post-101 post type-post status-publish format-standard has-post-thumbnail hentry category-actu\">\n\t\t\t\t<a class=\"elementor-post__thumbnail__link\" href=\"https:\/\/peschaud.froststudio.fr\/fr_fr\/sevit-will-build-a-new-distribution-center-for-javaphile\/\" >\n\t\t\t<div class=\"elementor-post__thumbnail\"><img decoding=\"async\" width=\"768\" height=\"432\" src=\"https:\/\/peschaud.froststudio.fr\/wp-content\/uploads\/2023\/02\/1671125817909-768x432.jpeg\" class=\"attachment-medium_large size-medium_large wp-image-831\" alt=\"\" loading=\"lazy\" srcset=\"https:\/\/peschaud.froststudio.fr\/wp-content\/uploads\/2023\/02\/1671125817909-768x432.jpeg 768w, https:\/\/peschaud.froststudio.fr\/wp-content\/uploads\/2023\/02\/1671125817909-300x169.jpeg 300w, https:\/\/peschaud.froststudio.fr\/wp-content\/uploads\/2023\/02\/1671125817909-1024x576.jpeg 1024w, https:\/\/peschaud.froststudio.fr\/wp-content\/uploads\/2023\/02\/1671125817909-1536x864.jpeg 1536w, https:\/\/peschaud.froststudio.fr\/wp-content\/uploads\/2023\/02\/1671125817909.jpeg 1600w\" sizes=\"(max-width: 768px) 100vw, 768px\" \/><\/div>\n\t\t<\/a>\n\t\t\t\t<div class=\"elementor-post__text\">\n\t\t\t\t<h3 class=\"elementor-post__title\">\n\t\t\t<a href=\"https:\/\/peschaud.froststudio.fr\/fr_fr\/sevit-will-build-a-new-distribution-center-for-javaphile\/\" >\n\t\t\t\tPeschaud Senegal now operating from Saint Louis \u2600\u00a0\t\t\t<\/a>\n\t\t<\/h3>\n\t\t\t\t<div class=\"elementor-post__meta-data\">\n\t\t\t\t\t<span class=\"elementor-post-date\">\n\t\t\t23\/02\/2023\t\t<\/span>\n\t\t\t\t<\/div>\n\t\t\t\t<div class=\"elementor-post__excerpt\">\n\t\t\t<p>What better idea than implemanting a logistic base in Saint Louis, Senegal to offer crew change services for staff working on GTA Project and be at the closest of the offshore operations.<\/p>\n\t\t<\/div>\n\t\t\t\t\t<div class=\"elementor-post__read-more-wrapper\">\n\t\t\n\t\t<a class=\"elementor-post__read-more\" href=\"https:\/\/peschaud.froststudio.fr\/fr_fr\/sevit-will-build-a-new-distribution-center-for-javaphile\/\" aria-label=\"En savoir plus sur Peschaud Senegal now operating from Saint Louis \u2600\u00a0\" >\n\t\t\tLire la suite\t\t<\/a>\n\n\t\t\t\t\t<\/div>\n\t\t\t\t<\/div>\n\t\t\t\t<\/article>\n\t\t\t\t<article class=\"elementor-post elementor-grid-item post-104 post type-post status-publish format-standard has-post-thumbnail hentry category-actu\">\n\t\t\t\t<a class=\"elementor-post__thumbnail__link\" href=\"https:\/\/peschaud.froststudio.fr\/fr_fr\/sevit-group-wins-national-award-for-the-yokovich-center\/\" >\n\t\t\t<div class=\"elementor-post__thumbnail\"><img decoding=\"async\" width=\"768\" height=\"432\" src=\"https:\/\/peschaud.froststudio.fr\/wp-content\/uploads\/2023\/04\/Image1-768x432.jpg\" class=\"attachment-medium_large size-medium_large wp-image-521\" alt=\"\" loading=\"lazy\" srcset=\"https:\/\/peschaud.froststudio.fr\/wp-content\/uploads\/2023\/04\/Image1-768x432.jpg 768w, https:\/\/peschaud.froststudio.fr\/wp-content\/uploads\/2023\/04\/Image1-300x169.jpg 300w, https:\/\/peschaud.froststudio.fr\/wp-content\/uploads\/2023\/04\/Image1-1024x576.jpg 1024w, https:\/\/peschaud.froststudio.fr\/wp-content\/uploads\/2023\/04\/Image1.jpg 1386w\" sizes=\"(max-width: 768px) 100vw, 768px\" \/><\/div>\n\t\t<\/a>\n\t\t\t\t<div class=\"elementor-post__text\">\n\t\t\t\t<h3 class=\"elementor-post__title\">\n\t\t\t<a href=\"https:\/\/peschaud.froststudio.fr\/fr_fr\/sevit-group-wins-national-award-for-the-yokovich-center\/\" >\n\t\t\t\tPeschaud C\u00f4te d\u2019Ivoire (projet Eiffage Energie Syst\u00e8mes)\t\t\t<\/a>\n\t\t<\/h3>\n\t\t\t\t<div class=\"elementor-post__meta-data\">\n\t\t\t\t\t<span class=\"elementor-post-date\">\n\t\t\t23\/02\/2023\t\t<\/span>\n\t\t\t\t<\/div>\n\t\t\t\t<div class=\"elementor-post__excerpt\">\n\t\t\t<p>En 2022, notre filiale Peschaud C\u00f4te d&rsquo;Ivoire, sp\u00e9cialis\u00e9e dans les travaux sp\u00e9ciaux, a apport\u00e9 son expertise logistique \u00e0 Eiffage Energie Syst\u00e8mes &#8211; T&amp;D pour la pose de pyl\u00f4nes en lagune dans le<\/p>\n\t\t<\/div>\n\t\t\t\t\t<div class=\"elementor-post__read-more-wrapper\">\n\t\t\n\t\t<a class=\"elementor-post__read-more\" href=\"https:\/\/peschaud.froststudio.fr\/fr_fr\/sevit-group-wins-national-award-for-the-yokovich-center\/\" aria-label=\"En savoir plus sur Peschaud C\u00f4te d\u2019Ivoire (projet Eiffage Energie Syst\u00e8mes)\" >\n\t\t\tLire la suite\t\t<\/a>\n\n\t\t\t\t\t<\/div>\n\t\t\t\t<\/div>\n\t\t\t\t<\/article>\n\t\t\t\t<article class=\"elementor-post elementor-grid-item post-105 post type-post status-publish format-standard has-post-thumbnail hentry category-actu\">\n\t\t\t\t<a class=\"elementor-post__thumbnail__link\" href=\"https:\/\/peschaud.froststudio.fr\/fr_fr\/sevit-group-appointed-to-deliver-stonewheat-project\/\" >\n\t\t\t<div class=\"elementor-post__thumbnail\"><img decoding=\"async\" width=\"768\" height=\"432\" src=\"https:\/\/peschaud.froststudio.fr\/wp-content\/uploads\/2023\/04\/DJI_0669-768x432.jpg\" class=\"attachment-medium_large size-medium_large wp-image-506\" alt=\"\" loading=\"lazy\" srcset=\"https:\/\/peschaud.froststudio.fr\/wp-content\/uploads\/2023\/04\/DJI_0669-768x432.jpg 768w, https:\/\/peschaud.froststudio.fr\/wp-content\/uploads\/2023\/04\/DJI_0669-300x169.jpg 300w, https:\/\/peschaud.froststudio.fr\/wp-content\/uploads\/2023\/04\/DJI_0669-1024x576.jpg 1024w, https:\/\/peschaud.froststudio.fr\/wp-content\/uploads\/2023\/04\/DJI_0669-1536x864.jpg 1536w, https:\/\/peschaud.froststudio.fr\/wp-content\/uploads\/2023\/04\/DJI_0669.jpg 2048w\" sizes=\"(max-width: 768px) 100vw, 768px\" \/><\/div>\n\t\t<\/a>\n\t\t\t\t<div class=\"elementor-post__text\">\n\t\t\t\t<h3 class=\"elementor-post__title\">\n\t\t\t<a href=\"https:\/\/peschaud.froststudio.fr\/fr_fr\/sevit-group-appointed-to-deliver-stonewheat-project\/\" >\n\t\t\t\tPeschaud deploys passenger experience aboard its vessels with Moment\t\t\t<\/a>\n\t\t<\/h3>\n\t\t\t\t<div class=\"elementor-post__meta-data\">\n\t\t\t\t\t<span class=\"elementor-post-date\">\n\t\t\t23\/02\/2023\t\t<\/span>\n\t\t\t\t<\/div>\n\t\t\t\t<div class=\"elementor-post__excerpt\">\n\t\t\t<p>Moment, the trusted partner of maritime operators for next-gen digital entertainment, e-commerce and connectivity solutions, has been selected by Peschaud International, a maritime logistics company, to develop its onboard entertainment experience. The<\/p>\n\t\t<\/div>\n\t\t\t\t\t<div class=\"elementor-post__read-more-wrapper\">\n\t\t\n\t\t<a class=\"elementor-post__read-more\" href=\"https:\/\/peschaud.froststudio.fr\/fr_fr\/sevit-group-appointed-to-deliver-stonewheat-project\/\" aria-label=\"En savoir plus sur Peschaud deploys passenger experience aboard its vessels with Moment\" >\n\t\t\tLire la suite\t\t<\/a>\n\n\t\t\t\t\t<\/div>\n\t\t\t\t<\/div>\n\t\t\t\t<\/article>\n\t\t\t\t<article class=\"elementor-post elementor-grid-item post-106 post type-post status-publish format-standard has-post-thumbnail hentry category-actu\">\n\t\t\t\t<a class=\"elementor-post__thumbnail__link\" href=\"https:\/\/peschaud.froststudio.fr\/fr_fr\/maria-galanta\/\" >\n\t\t\t<div class=\"elementor-post__thumbnail\"><img decoding=\"async\" width=\"768\" height=\"511\" src=\"https:\/\/peschaud.froststudio.fr\/wp-content\/uploads\/2023\/02\/1684227371972-768x511.jpeg\" class=\"attachment-medium_large size-medium_large wp-image-757\" alt=\"\" loading=\"lazy\" srcset=\"https:\/\/peschaud.froststudio.fr\/wp-content\/uploads\/2023\/02\/1684227371972-768x511.jpeg 768w, https:\/\/peschaud.froststudio.fr\/wp-content\/uploads\/2023\/02\/1684227371972-300x200.jpeg 300w, https:\/\/peschaud.froststudio.fr\/wp-content\/uploads\/2023\/02\/1684227371972.jpeg 800w\" sizes=\"(max-width: 768px) 100vw, 768px\" \/><\/div>\n\t\t<\/a>\n\t\t\t\t<div class=\"elementor-post__text\">\n\t\t\t\t<h3 class=\"elementor-post__title\">\n\t\t\t<a href=\"https:\/\/peschaud.froststudio.fr\/fr_fr\/maria-galanta\/\" >\n\t\t\t\tMaria Galanta &#8211; Mise en service\t\t\t<\/a>\n\t\t<\/h3>\n\t\t\t\t<div class=\"elementor-post__meta-data\">\n\t\t\t\t\t<span class=\"elementor-post-date\">\n\t\t\t23\/02\/2023\t\t<\/span>\n\t\t\t\t<\/div>\n\t\t\t\t<div class=\"elementor-post__excerpt\">\n\t\t\t<p>Ce lundi 15 mai 2023, les premiers passagers ont enfin pu monter \u00e0 bord du Maria Galanta \u2600 Annonc\u00e9e et tr\u00e8s attendue, c\u2019est une immense joie que de voir la mise en<\/p>\n\t\t<\/div>\n\t\t\t\t\t<div class=\"elementor-post__read-more-wrapper\">\n\t\t\n\t\t<a class=\"elementor-post__read-more\" href=\"https:\/\/peschaud.froststudio.fr\/fr_fr\/maria-galanta\/\" aria-label=\"En savoir plus sur Maria Galanta &#8211; Mise en service\" >\n\t\t\tLire la suite\t\t<\/a>\n\n\t\t\t\t\t<\/div>\n\t\t\t\t<\/div>\n\t\t\t\t<\/article>\n\t\t\t\t<\/div>\n\t\t\n\t\t\t\t<\/div>\n\t\t\t\t<\/div>\n\t\t\t\t\t<\/div>\n\t\t<\/div>\n\t\t\t\t\t\t\t<\/div>\n\t\t<\/section>\n\t\t\t\t\t\t\t<\/div>\n\t\t","protected":false},"excerpt":{"rendered":"<p>Les actualit\u00e9s de Peschaud International<\/p>\n","protected":false},"author":1,"featured_media":0,"parent":0,"menu_order":0,"comment_status":"closed","ping_status":"closed","template":"","meta":[],"_links":{"self":[{"href":"https:\/\/peschaud.froststudio.fr\/fr_fr\/wp-json\/wp\/v2\/pages\/2"}],"collection":[{"href":"https:\/\/peschaud.froststudio.fr\/fr_fr\/wp-json\/wp\/v2\/pages"}],"about":[{"href":"https:\/\/peschaud.froststudio.fr\/fr_fr\/wp-json\/wp\/v2\/types\/page"}],"author":[{"embeddable":true,"href":"https:\/\/peschaud.froststudio.fr\/fr_fr\/wp-json\/wp\/v2\/users\/1"}],"replies":[{"embeddable":true,"href":"https:\/\/peschaud.froststudio.fr\/fr_fr\/wp-json\/wp\/v2\/comments?post=2"}],"version-history":[{"count":19,"href":"https:\/\/peschaud.froststudio.fr\/fr_fr\/wp-json\/wp\/v2\/pages\/2\/revisions"}],"predecessor-version":[{"id":993,"href":"https:\/\/peschaud.froststudio.fr\/fr_fr\/wp-json\/wp\/v2\/pages\/2\/revisions\/993"}],"wp:attachment":[{"href":"https:\/\/peschaud.froststudio.fr\/fr_fr\/wp-json\/wp\/v2\/media?parent=2"}],"curies":[{"name":"wp","href":"https:\/\/api.w.org\/{rel}","templated":true}]}}