{"id":765,"date":"2023-06-05T18:59:35","date_gmt":"2023-06-05T17:59:35","guid":{"rendered":"https:\/\/peschaud.froststudio.fr\/?page_id=765"},"modified":"2023-06-05T19:29:31","modified_gmt":"2023-06-05T18:29:31","slug":"onshore","status":"publish","type":"page","link":"https:\/\/peschaud.froststudio.fr\/en\/realisations\/onshore\/","title":{"rendered":"Onshore"},"content":{"rendered":"<div data-elementor-type=\"wp-page\" data-elementor-id=\"765\" class=\"elementor elementor-765\">\n\t\t\t\t\t\t\t\t\t<section class=\"elementor-section elementor-top-section elementor-element elementor-element-1e0c69ae elementor-section-full_width elementor-section-height-min-height elementor-section-height-default elementor-section-items-middle\" data-id=\"1e0c69ae\" data-element_type=\"section\" data-settings=\"{&quot;background_background&quot;:&quot;classic&quot;,&quot;background_motion_fx_motion_fx_scrolling&quot;:&quot;yes&quot;,&quot;background_motion_fx_scale_effect&quot;:&quot;yes&quot;,&quot;background_motion_fx_scale_speed&quot;:{&quot;unit&quot;:&quot;px&quot;,&quot;size&quot;:9,&quot;sizes&quot;:[]},&quot;background_motion_fx_scale_range&quot;:{&quot;unit&quot;:&quot;%&quot;,&quot;size&quot;:&quot;&quot;,&quot;sizes&quot;:{&quot;start&quot;:0,&quot;end&quot;:100}},&quot;background_motion_fx_scale_direction&quot;:&quot;out-in&quot;,&quot;background_motion_fx_devices&quot;:[&quot;desktop&quot;,&quot;tablet&quot;,&quot;mobile&quot;]}\">\n\t\t\t\t\t\t<div class=\"elementor-container elementor-column-gap-default\">\n\t\t\t\t\t<div class=\"elementor-column elementor-col-100 elementor-top-column elementor-element elementor-element-70e9a49e\" data-id=\"70e9a49e\" data-element_type=\"column\">\n\t\t\t<div class=\"elementor-widget-wrap elementor-element-populated\">\n\t\t\t\t\t\t\t\t<div class=\"elementor-element elementor-element-29be3b13 elementor-widget elementor-widget-heading\" data-id=\"29be3b13\" data-element_type=\"widget\" data-widget_type=\"heading.default\">\n\t\t\t\t<div class=\"elementor-widget-container\">\n\t\t\t<style>\/*! elementor - v3.11.5 - 14-03-2023 *\/\n.elementor-heading-title{padding:0;margin:0;line-height:1}.elementor-widget-heading .elementor-heading-title[class*=elementor-size-]>a{color:inherit;font-size:inherit;line-height:inherit}.elementor-widget-heading .elementor-heading-title.elementor-size-small{font-size:15px}.elementor-widget-heading .elementor-heading-title.elementor-size-medium{font-size:19px}.elementor-widget-heading .elementor-heading-title.elementor-size-large{font-size:29px}.elementor-widget-heading .elementor-heading-title.elementor-size-xl{font-size:39px}.elementor-widget-heading .elementor-heading-title.elementor-size-xxl{font-size:59px}<\/style><h1 class=\"elementor-heading-title elementor-size-default\">r\u00e9alisations Onshore<\/h1>\t\t<\/div>\n\t\t\t\t<\/div>\n\t\t\t\t\t<\/div>\n\t\t<\/div>\n\t\t\t\t\t\t\t<\/div>\n\t\t<\/section>\n\t\t\t\t<section class=\"elementor-section elementor-top-section elementor-element elementor-element-335e027 elementor-section-full_width elementor-section-height-default elementor-section-height-default\" data-id=\"335e027\" data-element_type=\"section\">\n\t\t\t\t\t\t<div class=\"elementor-container elementor-column-gap-default\">\n\t\t\t\t\t<div class=\"elementor-column elementor-col-100 elementor-top-column elementor-element elementor-element-17a951e\" data-id=\"17a951e\" data-element_type=\"column\">\n\t\t\t<div class=\"elementor-widget-wrap elementor-element-populated\">\n\t\t\t\t\t\t\t\t<div class=\"elementor-element elementor-element-8c52948 elementor-align-left elementor-widget elementor-widget-button\" data-id=\"8c52948\" data-element_type=\"widget\" data-widget_type=\"button.default\">\n\t\t\t\t<div class=\"elementor-widget-container\">\n\t\t\t\t\t<div class=\"elementor-button-wrapper\">\n\t\t\t<a href=\"https:\/\/peschaud.froststudio.fr\/index.php\/realisations\/\" class=\"elementor-button-link elementor-button elementor-size-sm\" role=\"button\">\n\t\t\t\t\t\t<span class=\"elementor-button-content-wrapper\">\n\t\t\t\t\t\t\t<span class=\"elementor-button-icon elementor-align-icon-right\">\n\t\t\t\t<svg xmlns=\"http:\/\/www.w3.org\/2000\/svg\" id=\"b385ca18-4b85-46d4-bb4b-571c73a19812\" data-name=\"b922a425-e5e0-4ef1-881c-5748460fd139\" viewbox=\"0 0 30.125 18.1738\"><title>arrow-icon-size3<\/title><path d=\"M29.75,9.3948,21.5281,1.1735a.8479.8479,0,0,0-.601-.261L20.9124.9119a.8526.8526,0,0,0-.5956.2409.8642.8642,0,0,0-.0027,1.23l6.7618,6.7611H.7316a.8566.8566,0,1,0,0,1.7131H27.0759l-6.7591,6.7591a.8576.8576,0,0,0-.0214,1.2113.8462.8462,0,0,0,.61.2583.8949.8949,0,0,0,.621-.2556l8.2233-8.224A.8587.8587,0,0,0,29.75,9.3948Z\" transform=\"translate(0.125 -0.9119)\"><\/path><\/svg>\t\t\t<\/span>\n\t\t\t\t\t\t<span class=\"elementor-button-text\">Toutes les r\u00e9alisations<\/span>\n\t\t<\/span>\n\t\t\t\t\t<\/a>\n\t\t<\/div>\n\t\t\t\t<\/div>\n\t\t\t\t<\/div>\n\t\t\t\t\t<\/div>\n\t\t<\/div>\n\t\t\t\t\t\t\t<\/div>\n\t\t<\/section>\n\t\t\t\t<section class=\"elementor-section elementor-top-section elementor-element elementor-element-7efe54f1 elementor-section-height-min-height elementor-section-boxed elementor-section-height-default elementor-section-items-middle\" data-id=\"7efe54f1\" data-element_type=\"section\" id=\"projects\">\n\t\t\t\t\t\t<div class=\"elementor-container elementor-column-gap-default\">\n\t\t\t\t\t<div class=\"elementor-column elementor-col-100 elementor-top-column elementor-element elementor-element-26dcef1f\" data-id=\"26dcef1f\" data-element_type=\"column\">\n\t\t\t<div class=\"elementor-widget-wrap elementor-element-populated\">\n\t\t\t\t\t\t\t\t<div class=\"elementor-element elementor-element-2ecf56fb elementor-view-default elementor-widget elementor-widget-icon\" data-id=\"2ecf56fb\" data-element_type=\"widget\" data-widget_type=\"icon.default\">\n\t\t\t\t<div class=\"elementor-widget-container\">\n\t\t\t\t\t<div class=\"elementor-icon-wrapper\">\n\t\t\t<div class=\"elementor-icon\">\n\t\t\t<svg xmlns=\"http:\/\/www.w3.org\/2000\/svg\" xmlns:xlink=\"http:\/\/www.w3.org\/1999\/xlink\" width=\"43px\" height=\"93px\" viewbox=\"0 0 43 93\"><title>Combined Shape<\/title><desc>Created with Sketch.<\/desc><defs><lineargradient x1=\"53.7525337%\" y1=\"0%\" x2=\"50%\" y2=\"100%\" id=\"linearGradient-1\"><stop stop-color=\"#B7B7B7\" offset=\"0%\"><\/stop><stop stop-color=\"#FFFFFF\" offset=\"100%\"><\/stop><\/lineargradient><\/defs><g id=\"Website-Chosen-Pages\" stroke=\"none\" stroke-width=\"1\" fill=\"none\" fill-rule=\"evenodd\"><g id=\"Home-Page-\" transform=\"translate(-929.000000, -2726.000000)\" stroke=\"url(#linearGradient-1)\" stroke-width=\"2\"><g transform=\"translate(561.000000, 2726.000000)\"><path d=\"M389.5,0 L389.5,93 M369.5,57.3081081 L369.5,93 M399.5,31.6702703 L399.5,93 M409.5,57.3081081 L409.5,93 M379.5,21.6162162 L379.5,93\" id=\"Combined-Shape\"><\/path><\/g><\/g><\/g><\/svg>\t\t\t<\/div>\n\t\t<\/div>\n\t\t\t\t<\/div>\n\t\t\t\t<\/div>\n\t\t\t\t<div class=\"elementor-element elementor-element-430e4a5f elementor-widget elementor-widget-heading\" data-id=\"430e4a5f\" data-element_type=\"widget\" data-widget_type=\"heading.default\">\n\t\t\t\t<div class=\"elementor-widget-container\">\n\t\t\t<h2 class=\"elementor-heading-title elementor-size-default\">Projets r\u00e9alis\u00e9s - Onshore<\/h2>\t\t<\/div>\n\t\t\t\t<\/div>\n\t\t\t\t<div class=\"elementor-element elementor-element-53eb0aec elementor-widget elementor-widget-text-editor\" data-id=\"53eb0aec\" data-element_type=\"widget\" data-widget_type=\"text-editor.default\">\n\t\t\t\t<div class=\"elementor-widget-container\">\n\t\t\t<style>\/*! elementor - v3.11.5 - 14-03-2023 *\/\n.elementor-widget-text-editor.elementor-drop-cap-view-stacked .elementor-drop-cap{background-color:#818a91;color:#fff}.elementor-widget-text-editor.elementor-drop-cap-view-framed .elementor-drop-cap{color:#818a91;border:3px solid;background-color:transparent}.elementor-widget-text-editor:not(.elementor-drop-cap-view-default) .elementor-drop-cap{margin-top:8px}.elementor-widget-text-editor:not(.elementor-drop-cap-view-default) .elementor-drop-cap-letter{width:1em;height:1em}.elementor-widget-text-editor .elementor-drop-cap{float:left;text-align:center;line-height:1;font-size:50px}.elementor-widget-text-editor .elementor-drop-cap-letter{display:inline-block}<\/style>\t\t\t\t<p>Peschaud acteur majeur de la logistique terrestre en Afrique dans les zones les plus isol\u00e9es du continent, propose des projets cl\u00e9s en main \u00e0 ses clients, et les accompagne ainsi tout au long de leur projet.<\/p><p>Cela commence par le support aux \u00e9tudes de faisabilit\u00e9 des projets (bathym\u00e9trie, road survey, design 3D, etc.), de proposer les meilleures solutions op\u00e9rationnelles et financi\u00e8res pour nos clients, la conception de la solution, la mobilisation des ressources humaines et mat\u00e9riels, la globalit\u00e9 de la chaine logistique pour la mise en place du projet.<\/p><p>Egalement, la mise en exploitation sur sites incluant la formation de nos employ\u00e9s, le suivi de nos indicateurs de performance, le reporting des activit\u00e9s, la d\u00e9mobilisation et pour finir les retours d\u2019exp\u00e9rience en fin de projet.<\/p>\t\t\t\t\t\t<\/div>\n\t\t\t\t<\/div>\n\t\t\t\t\t<\/div>\n\t\t<\/div>\n\t\t\t\t\t\t\t<\/div>\n\t\t<\/section>\n\t\t\t\t<section class=\"elementor-section elementor-top-section elementor-element elementor-element-3520f78b elementor-section-full_width elementor-section-height-default elementor-section-height-default\" data-id=\"3520f78b\" data-element_type=\"section\">\n\t\t\t\t\t\t<div class=\"elementor-container elementor-column-gap-default\">\n\t\t\t\t\t<div class=\"elementor-column elementor-col-100 elementor-top-column elementor-element elementor-element-652a92bb\" data-id=\"652a92bb\" data-element_type=\"column\">\n\t\t\t<div class=\"elementor-widget-wrap elementor-element-populated\">\n\t\t\t\t\t\t\t\t<div class=\"elementor-element elementor-element-1d2aaca3 elementor-grid-1 elementor-grid-tablet-2 elementor-grid-mobile-1 elementor-widget elementor-widget-portfolio\" data-id=\"1d2aaca3\" data-element_type=\"widget\" data-settings=\"{&quot;columns&quot;:&quot;1&quot;,&quot;item_ratio&quot;:{&quot;unit&quot;:&quot;px&quot;,&quot;size&quot;:0.25,&quot;sizes&quot;:[]},&quot;row_gap&quot;:{&quot;unit&quot;:&quot;px&quot;,&quot;size&quot;:0,&quot;sizes&quot;:[]},&quot;columns_tablet&quot;:&quot;2&quot;,&quot;columns_mobile&quot;:&quot;1&quot;,&quot;item_gap&quot;:{&quot;unit&quot;:&quot;px&quot;,&quot;size&quot;:&quot;&quot;,&quot;sizes&quot;:[]}}\" data-widget_type=\"portfolio.default\">\n\t\t\t\t<div class=\"elementor-widget-container\">\n\t\t\t<link rel=\"stylesheet\" href=\"https:\/\/peschaud.froststudio.fr\/wp-content\/plugins\/elementor-pro\/assets\/css\/widget-posts.min.css\">\t\t<div class=\"elementor-portfolio elementor-grid elementor-posts-container\">\n\t\t\t\t<article class=\"elementor-portfolio-item elementor-post elementor-filter-8 post-112 post type-post status-publish format-standard has-post-thumbnail hentry category-onshore\">\n\t\t\t<a class=\"elementor-post__thumbnail__link\" href=\"https:\/\/peschaud.froststudio.fr\/en\/ternal-headquarters-birmingham\/\">\n\t\t\t\t<div class=\"elementor-portfolio-item__img elementor-post__thumbnail\">\n\t\t\t<img decoding=\"async\" width=\"800\" height=\"600\" src=\"https:\/\/peschaud.froststudio.fr\/wp-content\/uploads\/2023\/04\/DJI_0015-1024x768.jpg\" class=\"attachment-large size-large wp-image-401\" alt=\"\" loading=\"lazy\" srcset=\"https:\/\/peschaud.froststudio.fr\/wp-content\/uploads\/2023\/04\/DJI_0015-1024x768.jpg 1024w, https:\/\/peschaud.froststudio.fr\/wp-content\/uploads\/2023\/04\/DJI_0015-300x225.jpg 300w, https:\/\/peschaud.froststudio.fr\/wp-content\/uploads\/2023\/04\/DJI_0015-768x576.jpg 768w, https:\/\/peschaud.froststudio.fr\/wp-content\/uploads\/2023\/04\/DJI_0015-1536x1152.jpg 1536w, https:\/\/peschaud.froststudio.fr\/wp-content\/uploads\/2023\/04\/DJI_0015-2048x1536.jpg 2048w\" sizes=\"(max-width: 800px) 100vw, 800px\" \/>\t\t<\/div>\n\t\t\t\t<div class=\"elementor-portfolio-item__overlay\">\n\t\t\t\t<h3 class=\"elementor-portfolio-item__title\">\n\t\tGabon : Projet Kari\t\t<\/h3>\n\t\t\t\t<\/div>\n\t\t\t\t<\/a>\n\t\t<\/article>\n\t\t\t\t<article class=\"elementor-portfolio-item elementor-post elementor-filter-8 post-439 post type-post status-publish format-standard has-post-thumbnail hentry category-onshore\">\n\t\t\t<a class=\"elementor-post__thumbnail__link\" href=\"https:\/\/peschaud.froststudio.fr\/en\/soudan-du-sud-pour-petronas\/\">\n\t\t\t\t<div class=\"elementor-portfolio-item__img elementor-post__thumbnail\">\n\t\t\t<img decoding=\"async\" width=\"800\" height=\"305\" src=\"https:\/\/peschaud.froststudio.fr\/wp-content\/uploads\/2023\/04\/Peschaud-Logistics-Engineering-Services-2022-1024x390.jpg\" class=\"attachment-large size-large wp-image-441\" alt=\"\" loading=\"lazy\" srcset=\"https:\/\/peschaud.froststudio.fr\/wp-content\/uploads\/2023\/04\/Peschaud-Logistics-Engineering-Services-2022-1024x390.jpg 1024w, https:\/\/peschaud.froststudio.fr\/wp-content\/uploads\/2023\/04\/Peschaud-Logistics-Engineering-Services-2022-300x114.jpg 300w, https:\/\/peschaud.froststudio.fr\/wp-content\/uploads\/2023\/04\/Peschaud-Logistics-Engineering-Services-2022-768x292.jpg 768w, https:\/\/peschaud.froststudio.fr\/wp-content\/uploads\/2023\/04\/Peschaud-Logistics-Engineering-Services-2022.bmp 1488w\" sizes=\"(max-width: 800px) 100vw, 800px\" \/>\t\t<\/div>\n\t\t\t\t<div class=\"elementor-portfolio-item__overlay\">\n\t\t\t\t<h3 class=\"elementor-portfolio-item__title\">\n\t\tSoudan du Sud \u2013 WNPOC &#8211; Bloc 5B\t\t<\/h3>\n\t\t\t\t<\/div>\n\t\t\t\t<\/a>\n\t\t<\/article>\n\t\t\t\t<article class=\"elementor-portfolio-item elementor-post elementor-filter-8 post-447 post type-post status-publish format-standard has-post-thumbnail hentry category-onshore\">\n\t\t\t<a class=\"elementor-post__thumbnail__link\" href=\"https:\/\/peschaud.froststudio.fr\/en\/mozambique-adelie-terminal-portuaire-mobile\/\">\n\t\t\t\t<div class=\"elementor-portfolio-item__img elementor-post__thumbnail\">\n\t\t\t<img decoding=\"async\" width=\"800\" height=\"534\" src=\"https:\/\/peschaud.froststudio.fr\/wp-content\/uploads\/2023\/04\/Barge-681A0456-1024x683.jpg\" class=\"attachment-large size-large wp-image-452\" alt=\"\" loading=\"lazy\" srcset=\"https:\/\/peschaud.froststudio.fr\/wp-content\/uploads\/2023\/04\/Barge-681A0456-1024x683.jpg 1024w, https:\/\/peschaud.froststudio.fr\/wp-content\/uploads\/2023\/04\/Barge-681A0456-300x200.jpg 300w, https:\/\/peschaud.froststudio.fr\/wp-content\/uploads\/2023\/04\/Barge-681A0456-768x512.jpg 768w, https:\/\/peschaud.froststudio.fr\/wp-content\/uploads\/2023\/04\/Barge-681A0456-1536x1024.jpg 1536w, https:\/\/peschaud.froststudio.fr\/wp-content\/uploads\/2023\/04\/Barge-681A0456-2048x1366.jpg 2048w\" sizes=\"(max-width: 800px) 100vw, 800px\" \/>\t\t<\/div>\n\t\t\t\t<div class=\"elementor-portfolio-item__overlay\">\n\t\t\t\t<h3 class=\"elementor-portfolio-item__title\">\n\t\tMozambique\u00a0: Ad\u00e9lie (Terminal Portuaire Mobile)\t\t<\/h3>\n\t\t\t\t<\/div>\n\t\t\t\t<\/a>\n\t\t<\/article>\n\t\t\t\t<article class=\"elementor-portfolio-item elementor-post elementor-filter-8 post-421 post type-post status-publish format-standard has-post-thumbnail hentry category-onshore\">\n\t\t\t<a class=\"elementor-post__thumbnail__link\" href=\"https:\/\/peschaud.froststudio.fr\/en\/tchad-projet-esso\/\">\n\t\t\t\t<div class=\"elementor-portfolio-item__img elementor-post__thumbnail\">\n\t\t\t<img decoding=\"async\" width=\"800\" height=\"450\" src=\"https:\/\/peschaud.froststudio.fr\/wp-content\/uploads\/2023\/04\/1-1024x576.jpg\" class=\"attachment-large size-large wp-image-423\" alt=\"\" loading=\"lazy\" srcset=\"https:\/\/peschaud.froststudio.fr\/wp-content\/uploads\/2023\/04\/1-1024x576.jpg 1024w, https:\/\/peschaud.froststudio.fr\/wp-content\/uploads\/2023\/04\/1-300x169.jpg 300w, https:\/\/peschaud.froststudio.fr\/wp-content\/uploads\/2023\/04\/1-768x432.jpg 768w, https:\/\/peschaud.froststudio.fr\/wp-content\/uploads\/2023\/04\/1-1536x864.jpg 1536w, https:\/\/peschaud.froststudio.fr\/wp-content\/uploads\/2023\/04\/1.jpg 1920w\" sizes=\"(max-width: 800px) 100vw, 800px\" \/>\t\t<\/div>\n\t\t\t\t<div class=\"elementor-portfolio-item__overlay\">\n\t\t\t\t<h3 class=\"elementor-portfolio-item__title\">\n\t\tTchad : Projet Esso\t\t<\/h3>\n\t\t\t\t<\/div>\n\t\t\t\t<\/a>\n\t\t<\/article>\n\t\t\t\t<\/div>\n\t\t\t\t<\/div>\n\t\t\t\t<\/div>\n\t\t\t\t\t<\/div>\n\t\t<\/div>\n\t\t\t\t\t\t\t<\/div>\n\t\t<\/section>\n\t\t\t\t<section class=\"elementor-section elementor-top-section elementor-element elementor-element-a6b58b7 elementor-section-full_width elementor-section-height-default elementor-section-height-default\" data-id=\"a6b58b7\" data-element_type=\"section\">\n\t\t\t\t\t\t<div class=\"elementor-container elementor-column-gap-default\">\n\t\t\t\t\t<div class=\"elementor-column elementor-col-100 elementor-top-column elementor-element elementor-element-450f476\" data-id=\"450f476\" data-element_type=\"column\">\n\t\t\t<div class=\"elementor-widget-wrap elementor-element-populated\">\n\t\t\t\t\t\t\t\t<div class=\"elementor-element elementor-element-5d8522a elementor-align-left elementor-widget elementor-widget-button\" data-id=\"5d8522a\" data-element_type=\"widget\" data-widget_type=\"button.default\">\n\t\t\t\t<div class=\"elementor-widget-container\">\n\t\t\t\t\t<div class=\"elementor-button-wrapper\">\n\t\t\t<a href=\"https:\/\/peschaud.froststudio.fr\/index.php\/realisations\/\" class=\"elementor-button-link elementor-button elementor-size-sm\" role=\"button\">\n\t\t\t\t\t\t<span class=\"elementor-button-content-wrapper\">\n\t\t\t\t\t\t\t<span class=\"elementor-button-icon elementor-align-icon-right\">\n\t\t\t\t<svg xmlns=\"http:\/\/www.w3.org\/2000\/svg\" id=\"b385ca18-4b85-46d4-bb4b-571c73a19812\" data-name=\"b922a425-e5e0-4ef1-881c-5748460fd139\" viewbox=\"0 0 30.125 18.1738\"><title>arrow-icon-size3<\/title><path d=\"M29.75,9.3948,21.5281,1.1735a.8479.8479,0,0,0-.601-.261L20.9124.9119a.8526.8526,0,0,0-.5956.2409.8642.8642,0,0,0-.0027,1.23l6.7618,6.7611H.7316a.8566.8566,0,1,0,0,1.7131H27.0759l-6.7591,6.7591a.8576.8576,0,0,0-.0214,1.2113.8462.8462,0,0,0,.61.2583.8949.8949,0,0,0,.621-.2556l8.2233-8.224A.8587.8587,0,0,0,29.75,9.3948Z\" transform=\"translate(0.125 -0.9119)\"><\/path><\/svg>\t\t\t<\/span>\n\t\t\t\t\t\t<span class=\"elementor-button-text\">Toutes les r\u00e9alisations<\/span>\n\t\t<\/span>\n\t\t\t\t\t<\/a>\n\t\t<\/div>\n\t\t\t\t<\/div>\n\t\t\t\t<\/div>\n\t\t\t\t\t<\/div>\n\t\t<\/div>\n\t\t\t\t\t\t\t<\/div>\n\t\t<\/section>\n\t\t\t\t\t\t\t<\/div>","protected":false},"excerpt":{"rendered":"<p>r\u00e9alisations Onshore arrow-icon-size3 Toutes les r\u00e9alisations Combined ShapeCreated with Sketch. Projets r\u00e9alis\u00e9s &#8211; Onshore Peschaud acteur majeur de la logistique terrestre en Afrique dans les zones les plus isol\u00e9es du continent, propose des projets cl\u00e9s en main \u00e0 ses clients, et les accompagne ainsi tout au long de leur projet. Cela commence par le support [&hellip;]<\/p>","protected":false},"author":1,"featured_media":0,"parent":37,"menu_order":1,"comment_status":"closed","ping_status":"closed","template":"","meta":[],"_links":{"self":[{"href":"https:\/\/peschaud.froststudio.fr\/en\/wp-json\/wp\/v2\/pages\/765"}],"collection":[{"href":"https:\/\/peschaud.froststudio.fr\/en\/wp-json\/wp\/v2\/pages"}],"about":[{"href":"https:\/\/peschaud.froststudio.fr\/en\/wp-json\/wp\/v2\/types\/page"}],"author":[{"embeddable":true,"href":"https:\/\/peschaud.froststudio.fr\/en\/wp-json\/wp\/v2\/users\/1"}],"replies":[{"embeddable":true,"href":"https:\/\/peschaud.froststudio.fr\/en\/wp-json\/wp\/v2\/comments?post=765"}],"version-history":[{"count":18,"href":"https:\/\/peschaud.froststudio.fr\/en\/wp-json\/wp\/v2\/pages\/765\/revisions"}],"predecessor-version":[{"id":817,"href":"https:\/\/peschaud.froststudio.fr\/en\/wp-json\/wp\/v2\/pages\/765\/revisions\/817"}],"up":[{"embeddable":true,"href":"https:\/\/peschaud.froststudio.fr\/en\/wp-json\/wp\/v2\/pages\/37"}],"wp:attachment":[{"href":"https:\/\/peschaud.froststudio.fr\/en\/wp-json\/wp\/v2\/media?parent=765"}],"curies":[{"name":"wp","href":"https:\/\/api.w.org\/{rel}","templated":true}]}}