{"id":3,"date":"2023-02-23T15:54:38","date_gmt":"2023-02-23T15:54:38","guid":{"rendered":"https:\/\/peschaud.froststudio.fr\/?page_id=3"},"modified":"2023-09-02T19:28:23","modified_gmt":"2023-09-02T18:28:23","slug":"privacy-policy","status":"publish","type":"page","link":"https:\/\/peschaud.froststudio.fr\/en\/privacy-policy\/","title":{"rendered":"Mentions l\u00e9gales"},"content":{"rendered":"<div data-elementor-type=\"wp-page\" data-elementor-id=\"3\" class=\"elementor elementor-3\">\n\t\t\t\t\t\t\t\t\t<section class=\"elementor-section elementor-top-section elementor-element elementor-element-d041e46 elementor-section-height-min-height elementor-section-boxed elementor-section-height-default elementor-section-items-middle\" data-id=\"d041e46\" data-element_type=\"section\" data-settings=\"{&quot;background_background&quot;:&quot;classic&quot;}\">\n\t\t\t\t\t\t<div class=\"elementor-container elementor-column-gap-default\">\n\t\t\t\t\t<div class=\"elementor-column elementor-col-100 elementor-top-column elementor-element elementor-element-dcbc653\" data-id=\"dcbc653\" data-element_type=\"column\">\n\t\t\t<div class=\"elementor-widget-wrap elementor-element-populated\">\n\t\t\t\t\t\t\t\t<div class=\"elementor-element elementor-element-497f102 elementor-widget elementor-widget-heading\" data-id=\"497f102\" data-element_type=\"widget\" data-widget_type=\"heading.default\">\n\t\t\t\t<div class=\"elementor-widget-container\">\n\t\t\t<style>\/*! elementor - v3.11.5 - 14-03-2023 *\/\n.elementor-heading-title{padding:0;margin:0;line-height:1}.elementor-widget-heading .elementor-heading-title[class*=elementor-size-]>a{color:inherit;font-size:inherit;line-height:inherit}.elementor-widget-heading .elementor-heading-title.elementor-size-small{font-size:15px}.elementor-widget-heading .elementor-heading-title.elementor-size-medium{font-size:19px}.elementor-widget-heading .elementor-heading-title.elementor-size-large{font-size:29px}.elementor-widget-heading .elementor-heading-title.elementor-size-xl{font-size:39px}.elementor-widget-heading .elementor-heading-title.elementor-size-xxl{font-size:59px}<\/style><h1 class=\"elementor-heading-title elementor-size-default\">Mentions L\u00e9gales<\/h1>\t\t<\/div>\n\t\t\t\t<\/div>\n\t\t\t\t\t<\/div>\n\t\t<\/div>\n\t\t\t\t\t\t\t<\/div>\n\t\t<\/section>\n\t\t\t\t<section class=\"elementor-section elementor-top-section elementor-element elementor-element-622b7f18 elementor-section-boxed elementor-section-height-default elementor-section-height-default\" data-id=\"622b7f18\" data-element_type=\"section\">\n\t\t\t\t\t\t<div class=\"elementor-container elementor-column-gap-default\">\n\t\t\t\t\t<div class=\"elementor-column elementor-col-100 elementor-top-column elementor-element elementor-element-2f22d0ca\" data-id=\"2f22d0ca\" data-element_type=\"column\">\n\t\t\t<div class=\"elementor-widget-wrap elementor-element-populated\">\n\t\t\t\t\t\t\t\t<div class=\"elementor-element elementor-element-7bd09667 elementor-widget elementor-widget-text-editor\" data-id=\"7bd09667\" data-element_type=\"widget\" data-widget_type=\"text-editor.default\">\n\t\t\t\t<div class=\"elementor-widget-container\">\n\t\t\t<style>\/*! elementor - v3.11.5 - 14-03-2023 *\/\n.elementor-widget-text-editor.elementor-drop-cap-view-stacked .elementor-drop-cap{background-color:#818a91;color:#fff}.elementor-widget-text-editor.elementor-drop-cap-view-framed .elementor-drop-cap{color:#818a91;border:3px solid;background-color:transparent}.elementor-widget-text-editor:not(.elementor-drop-cap-view-default) .elementor-drop-cap{margin-top:8px}.elementor-widget-text-editor:not(.elementor-drop-cap-view-default) .elementor-drop-cap-letter{width:1em;height:1em}.elementor-widget-text-editor .elementor-drop-cap{float:left;text-align:center;line-height:1;font-size:50px}.elementor-widget-text-editor .elementor-drop-cap-letter{display:inline-block}<\/style>\t\t\t\t<!-- wp:paragraph -->\n<p><strong>Mentions l\u00e9gales pour le site www.peschaud-international.com<\/strong>\u00a0<\/p>\n<!-- \/wp:paragraph -->\n\n<!-- wp:paragraph -->\n<p>Mis \u00e0 jour le 15 ao\u00fbt 2023&nbsp;<\/p>\n<!-- \/wp:paragraph -->\n\n<!-- wp:paragraph -->\n<p><strong>R\u00e9alisation \u00e9ditoriale :\u00a0<\/strong><\/p>\n<!-- \/wp:paragraph -->\n\n<!-- wp:paragraph -->\n<p>Le site www.peschaud-international.com (ci-apr\u00e8s le \u00ab\u00a0Site\u00a0\u00bb) est \u00e9dit\u00e9 par la soci\u00e9t\u00e9 PESCHAUD INTERNATIONAL, soci\u00e9t\u00e9 par actions simplifi\u00e9e au capital social de 6.350.000 euros, immatricul\u00e9e au registre du commerce et des soci\u00e9t\u00e9s de Versailles sous le num\u00e9ro 562 120 592 (ci-apr\u00e8s la \u00ab\u00a0Soci\u00e9t\u00e9\u00a0\u00bb), dont les coordonn\u00e9es sont les suivantes :&nbsp;<\/p>\n<!-- \/wp:paragraph -->\n\n<!-- wp:paragraph -->\n<p><span style=\"text-decoration: underline;\">Si\u00e8ge social<\/span> : 31 place Edouard D\u00e9taille, 78100 Saint-Germain-en-Laye, France\u00a0<\/p>\n<!-- \/wp:paragraph -->\n\n<!-- wp:paragraph -->\n<p><span style=\"text-decoration: underline;\">T\u00e9l\u00e9phone<\/span> : +33 (0)1 81 83 00 10 M\u00e9l : contact@peschaud.fr\u00a0<\/p>\n<!-- \/wp:paragraph -->\n\n<!-- wp:paragraph -->\n<p><span style=\"text-decoration: underline;\">Num\u00e9ro de TVA intracommunautaire<\/span> : FR07562120592\u00a0<\/p>\n<!-- \/wp:paragraph -->\n\n<!-- wp:paragraph -->\n<p>Le responsable de publication est Monsieur Christophe PESCHAUD, pr\u00e9sident de la Soci\u00e9t\u00e9.&nbsp;<\/p>\n<!-- \/wp:paragraph -->\n\n<!-- wp:paragraph -->\n<p><strong>H\u00e9bergement<\/strong> :\u00a0<\/p>\n<!-- \/wp:paragraph -->\n\n<!-- wp:paragraph -->\n<p>Le Site est h\u00e9berg\u00e9 par la soci\u00e9t\u00e9 IONOS SARL, soci\u00e9t\u00e9 \u00e0 responsabilit\u00e9 limit\u00e9e unipersonnelle au capital social de 100.000 euros, immatricul\u00e9e au registre du commerce et des soci\u00e9t\u00e9s de Sarreguemines sous le num\u00e9ro 431 303 775, dont les coordonn\u00e9es sont les suivantes :&nbsp;<\/p>\n<!-- \/wp:paragraph -->\n\n<!-- wp:paragraph -->\n<p><span style=\"text-decoration: underline;\">Si\u00e8ge social<\/span> : 7 place de la Gare, 57200 Sarreguemines, France\u00a0<\/p>\n<!-- \/wp:paragraph -->\n\n<!-- wp:paragraph -->\n<p><span style=\"text-decoration: underline;\">T\u00e9l\u00e9phone<\/span> : +33 (0)9 70 80 89 11 M\u00e9l : info@ionos.fr\u00a0<\/p>\n<!-- \/wp:paragraph -->\n\n<!-- wp:paragraph -->\n<p><span style=\"text-decoration: underline;\">Num\u00e9ro de TVA intracommunautaire<\/span> : FR13431303775\u00a0<\/p>\n<!-- \/wp:paragraph -->\n\n<!-- wp:paragraph -->\n<p><strong>Propri\u00e9t\u00e9 intellectuelle<\/strong> :\u00a0<\/p>\n<!-- \/wp:paragraph -->\n\n<!-- wp:paragraph -->\n<p>Le Site pris dans sa globalit\u00e9, ainsi que chacun des \u00e9l\u00e9ments qui le composent pris isol\u00e9ment (notamment les programmes et d\u00e9veloppements sp\u00e9cifiques et les contenus incluant des donn\u00e9es, textes, images fixes ou anim\u00e9es, logotypes, sons, graphiques et fichiers), sont la propri\u00e9t\u00e9 exclusive de la Soci\u00e9t\u00e9 ou de tiers ayant conc\u00e9d\u00e9 une licence \u00e0 la Soci\u00e9t\u00e9.&nbsp;<\/p>\n<!-- \/wp:paragraph -->\n\n<!-- wp:paragraph -->\n<p>Toute reproduction ou adaptation totale ou partielle du Site ou d\u2019un des \u00e9l\u00e9ments qui le composent sans autorisation \u00e9crite pr\u00e9alable de la Soci\u00e9t\u00e9 est interdite et constituerait une contrefa\u00e7on sanctionn\u00e9e par les articles L. 335-2 et suivants du code de la propri\u00e9t\u00e9 intellectuelle.&nbsp;<\/p>\n<!-- \/wp:paragraph -->\n\n<!-- wp:paragraph -->\n<p>Les bases de donn\u00e9es figurant sur le Site sont prot\u00e9g\u00e9es par les articles L. 341-1 et suivants du code de la propri\u00e9t\u00e9 intellectuelle qui sanctionnent toute extraction ou r\u00e9utilisation qualitativement ou quantitativement substantielle du contenu de ces bases de donn\u00e9es.&nbsp;<\/p>\n<!-- \/wp:paragraph -->\n\n<!-- wp:paragraph -->\n<p>Les marques et les logotypes figurant sur le Site sont des marques et logotypes d\u00e9pos\u00e9s par la Soci\u00e9t\u00e9 ou par des tiers. Toute reproduction, imitation ou usage, total ou partiel, de ces signes distinctifs sans autorisation expresse de leur titulaire engage la responsabilit\u00e9 de son auteur sur le fondement des articles L. 713-2 et suivants du code de la propri\u00e9t\u00e9 intellectuelle.&nbsp;<\/p>\n<!-- \/wp:paragraph -->\n\n<!-- wp:paragraph -->\n<p>Les autres signes distinctifs, notamment les d\u00e9nominations sociales, noms commerciaux, enseignes, noms de domaine reproduits sur le Site sont la propri\u00e9t\u00e9 de la Soci\u00e9t\u00e9 ou de tiers. Toute reproduction sans autorisation expresse de leur titulaire est susceptible de constituer une usurpation engageant la responsabilit\u00e9 de son auteur sur le fondement de l\u2019article 1240 du code civil.&nbsp;<\/p>\n<!-- \/wp:paragraph -->\n\n<!-- wp:paragraph -->\n<p><strong>Liens vers les pages du Site<\/strong> :\u00a0<\/p>\n<!-- \/wp:paragraph -->\n\n<!-- wp:paragraph -->\n<p>Aucun lien vers les pages du Site ne pourra \u00eatre \u00e9tabli sans autorisation pr\u00e9alable et \u00e9crite de la Soci\u00e9t\u00e9.&nbsp;<\/p>\n<!-- \/wp:paragraph -->\n\n<!-- wp:paragraph -->\n<p><strong>Loi applicable<\/strong> :\u00a0<\/p>\n<!-- \/wp:paragraph -->\n\n<!-- wp:paragraph -->\n<p>Le Site est r\u00e9gi par le droit fran\u00e7ais.&nbsp;<\/p>\n<!-- \/wp:paragraph -->\n\n<!-- wp:paragraph -->\n<p><strong>Modification<\/strong> :\u00a0<\/p>\n<!-- \/wp:paragraph -->\n\n<!-- wp:paragraph -->\n<p>La Soci\u00e9t\u00e9 se r\u00e9serve le droit de modifier les pr\u00e9sentes mentions l\u00e9gales \u00e0 tout moment et sans pr\u00e9avis. L\u2019utilisateur du Site est donc invit\u00e9 \u00e0 les consulter r\u00e9guli\u00e8rement.<\/p>\n<!-- \/wp:paragraph -->\t\t\t\t\t\t<\/div>\n\t\t\t\t<\/div>\n\t\t\t\t\t<\/div>\n\t\t<\/div>\n\t\t\t\t\t\t\t<\/div>\n\t\t<\/section>\n\t\t\t\t\t\t\t<\/div>","protected":false},"excerpt":{"rendered":"<p>Mentions L\u00e9gales Mentions l\u00e9gales pour le site www.peschaud-international.com\u00a0 Mis \u00e0 jour le 15 ao\u00fbt 2023&nbsp; R\u00e9alisation \u00e9ditoriale :\u00a0 Le site www.peschaud-international.com (ci-apr\u00e8s le \u00ab\u00a0Site\u00a0\u00bb) est \u00e9dit\u00e9 par la soci\u00e9t\u00e9 PESCHAUD INTERNATIONAL, soci\u00e9t\u00e9 par actions simplifi\u00e9e au capital social de 6.350.000 euros, immatricul\u00e9e au registre du commerce et des soci\u00e9t\u00e9s de Versailles sous le num\u00e9ro 562 [&hellip;]<\/p>","protected":false},"author":1,"featured_media":0,"parent":0,"menu_order":0,"comment_status":"closed","ping_status":"open","template":"","meta":[],"_links":{"self":[{"href":"https:\/\/peschaud.froststudio.fr\/en\/wp-json\/wp\/v2\/pages\/3"}],"collection":[{"href":"https:\/\/peschaud.froststudio.fr\/en\/wp-json\/wp\/v2\/pages"}],"about":[{"href":"https:\/\/peschaud.froststudio.fr\/en\/wp-json\/wp\/v2\/types\/page"}],"author":[{"embeddable":true,"href":"https:\/\/peschaud.froststudio.fr\/en\/wp-json\/wp\/v2\/users\/1"}],"replies":[{"embeddable":true,"href":"https:\/\/peschaud.froststudio.fr\/en\/wp-json\/wp\/v2\/comments?post=3"}],"version-history":[{"count":7,"href":"https:\/\/peschaud.froststudio.fr\/en\/wp-json\/wp\/v2\/pages\/3\/revisions"}],"predecessor-version":[{"id":1029,"href":"https:\/\/peschaud.froststudio.fr\/en\/wp-json\/wp\/v2\/pages\/3\/revisions\/1029"}],"wp:attachment":[{"href":"https:\/\/peschaud.froststudio.fr\/en\/wp-json\/wp\/v2\/media?parent=3"}],"curies":[{"name":"wp","href":"https:\/\/api.w.org\/{rel}","templated":true}]}}